{"id":431,"date":"2025-09-22T14:00:40","date_gmt":"2025-09-22T12:00:40","guid":{"rendered":"http:\/\/dev.3esca.fr\/sitewp\/?page_id=431"},"modified":"2025-10-23T15:38:58","modified_gmt":"2025-10-23T13:38:58","slug":"contact","status":"publish","type":"page","link":"http:\/\/dev.3esca.fr\/sitewp\/contact\/","title":{"rendered":"Contact"},"content":{"rendered":"\n<h2 class=\"wp-block-heading\">Nous contacter<\/h2>\n\n\n\n<p>Si vous avez besoin de nous contacter, utilisez le formulaire ci-dessous pour nous transmettre votre message.<\/p>\n\n\n\n<p><\/p>\n\n\n<div class=\"frm_forms  with_frm_style frm_style_style-formidable\" id=\"frm_form_2_container\" data-token=\"a9aa681ccaee64170bfed458331f7332\">\n<form enctype=\"multipart\/form-data\" method=\"post\" class=\"frm-show-form \" id=\"form_contact-us\" data-token=\"a9aa681ccaee64170bfed458331f7332\">\n<div class=\"frm_form_fields \">\n<fieldset>\n<legend class=\"frm_screen_reader\">Nous contacter<\/legend>\r\n\r\n<div class=\"frm_fields_container\">\n<input type=\"hidden\" name=\"frm_action\" value=\"create\" \/>\n<input type=\"hidden\" name=\"form_id\" value=\"2\" \/>\n<input type=\"hidden\" name=\"frm_hide_fields_2\" id=\"frm_hide_fields_2\" value=\"\" \/>\n<input type=\"hidden\" name=\"form_key\" value=\"contact-us\" \/>\n<input type=\"hidden\" name=\"item_meta[0]\" value=\"\" \/>\n<input type=\"hidden\" id=\"frm_submit_entry_2\" name=\"frm_submit_entry_2\" value=\"f7b22cb813\" \/><input type=\"hidden\" name=\"_wp_http_referer\" value=\"\/sitewp\/wp-json\/wp\/v2\/pages\/431\" \/><div id=\"frm_field_6_container\" class=\"frm_form_field form-field  frm_required_field frm_top_container frm12 frm_first\">\r\n    <label for=\"field_qh4icy2\" class=\"frm_primary_label\">Nom et Pr\u00e9nom\r\n        <span class=\"frm_required\">*<\/span>\r\n    <\/label>\r\n    <input type=\"text\" id=\"field_qh4icy2\" name=\"item_meta[6]\" value=\"\"  data-reqmsg=\"Nom et Pr\u00e9nom cannot be blank.\" aria-required=\"true\" data-invmsg=\"Nom et Pr\u00e9nom est non valide\" aria-invalid=\"false\"  \/>\r\n    \r\n    \r\n<\/div>\n<div id=\"frm_field_8_container\" class=\"frm_form_field form-field  frm_required_field frm_top_container frm6 frm_first\">\r\n    <label for=\"field_29yf4d2\" class=\"frm_primary_label\">Email\r\n        <span class=\"frm_required\">*<\/span>\r\n    <\/label>\r\n    <input type=\"email\" id=\"field_29yf4d2\" name=\"item_meta[8]\" value=\"\"  data-reqmsg=\"Email cannot be blank.\" aria-required=\"true\" data-invmsg=\"Please enter a valid email address\" aria-invalid=\"false\"  \/>\r\n    \r\n    \r\n<\/div>\n<div id=\"frm_field_15_container\" class=\"frm_form_field form-field  frm_top_container frm6\">\r\n\t<label for=\"field_olznq\" id=\"field_olznq_label\" class=\"frm_primary_label\">Soci\u00e9t\u00e9\r\n\t\t<span class=\"frm_required\" aria-hidden=\"true\"><\/span>\r\n\t<\/label>\r\n\t<input type=\"text\" id=\"field_olznq\" name=\"item_meta[15]\" value=\"\"  data-invmsg=\"Soci\u00e9t\u00e9 est non valide\" aria-invalid=\"false\"  \/>\r\n\t\r\n\t\r\n<\/div>\n<div id=\"frm_field_12_container\" class=\"frm_form_field form-field  frm_required_field frm_top_container frm12 frm_first vertical_radio\">\r\n\t<div  id=\"field_50zp0_label\" class=\"frm_primary_label\">Sujet\r\n\t\t<span class=\"frm_required\" aria-hidden=\"true\">*<\/span>\r\n\t<\/div>\r\n\t<div class=\"frm_opt_container\" aria-labelledby=\"field_50zp0_label\" role=\"radiogroup\" aria-required=\"true\">\t\t<div class=\"frm_radio\" id=\"frm_radio_12-0\">\t\t\t<label  for=\"field_50zp0-0\">\n\t\t\t\t\t<input type=\"radio\" name=\"item_meta[12]\" id=\"field_50zp0-0\" value=\"PARIS - V\u00e9rification de la canalisation\"\n\t\t   data-reqmsg=\"Sujet ne peut pas \u00eatre vide.\" data-invmsg=\"Sujet est non valide\"  \/> PARIS &#8211; V\u00e9rification de la canalisation<\/label><\/div>\n\t\t<div class=\"frm_radio\" id=\"frm_radio_12-1\">\t\t\t<label  for=\"field_50zp0-1\">\n\t\t\t\t\t<input type=\"radio\" name=\"item_meta[12]\" id=\"field_50zp0-1\" value=\"PROVINCE - Changement du r\u00e9gulateur\"\n\t\t   data-reqmsg=\"Sujet ne peut pas \u00eatre vide.\" data-invmsg=\"Sujet est non valide\"  \/> PROVINCE &#8211; Changement du r\u00e9gulateur<\/label><\/div>\n\t\t<div class=\"frm_radio\" id=\"frm_radio_12-2\">\t\t\t<label  for=\"field_50zp0-2\">\n\t\t\t\t\t<input type=\"radio\" name=\"item_meta[12]\" id=\"field_50zp0-2\" value=\"D\u00e9tection de r\u00e9seaux\"\n\t\t   data-reqmsg=\"Sujet ne peut pas \u00eatre vide.\" data-invmsg=\"Sujet est non valide\"  \/> D\u00e9tection de r\u00e9seaux<\/label><\/div>\n\t\t<div class=\"frm_radio\" id=\"frm_radio_12-3\">\t\t\t<label  for=\"field_50zp0-3\">\n\t\t\t\t\t<input type=\"radio\" name=\"item_meta[12]\" id=\"field_50zp0-3\" value=\"Autre\"\n\t\t   data-reqmsg=\"Sujet ne peut pas \u00eatre vide.\" data-invmsg=\"Sujet est non valide\"  \/> Autre<\/label><\/div>\n<\/div>\r\n\t\r\n\t\r\n<\/div>\n<div id=\"frm_field_10_container\" class=\"frm_form_field form-field  frm_required_field frm_top_container frm_full\">\r\n    <label for=\"field_9jv0r12\" class=\"frm_primary_label\">Message\r\n        <span class=\"frm_required\">*<\/span>\r\n    <\/label>\r\n    <textarea name=\"item_meta[10]\" id=\"field_9jv0r12\" rows=\"5\"  data-reqmsg=\"Message cannot be blank.\" aria-required=\"true\" data-invmsg=\"Message est non valide\" aria-invalid=\"false\"  ><\/textarea>\r\n    \r\n    \r\n<\/div>\n<div id=\"frm_field_13_container\" class=\"frm_form_field form-field  frm_required_field frm_top_container vertical_radio\">\r\n\t<div  id=\"field_5uxhg_label\" class=\"frm_primary_label\">Accord RGDP\r\n\t\t<span class=\"frm_required\" aria-hidden=\"true\">*<\/span>\r\n\t<\/div>\r\n\t<div class=\"frm_opt_container\" aria-labelledby=\"field_5uxhg_label\" role=\"group\">\t\t<div class=\"frm_checkbox\" id=\"frm_checkbox_13-0\">\t\t\t<label  for=\"field_5uxhg-0\">\n\t\t\t<input type=\"checkbox\" name=\"item_meta[13][]\" id=\"field_5uxhg-0\" value=\"Je consens \u00e0 ce que ce site stocke mes informations envoy\u00e9es afin que 3ESC AQUITAINE puisse r\u00e9pondre \u00e0 ma requ\u00eate.\"  data-reqmsg=\"Accord RGDP ne peut pas \u00eatre vide.\" data-invmsg=\"Accord RGDP est non valide\"   aria-required=\"true\"  \/> Je consens \u00e0 ce que ce site stocke mes informations envoy\u00e9es afin que 3ESC AQUITAINE puisse r\u00e9pondre \u00e0 ma requ\u00eate.<\/label><\/div>\n<\/div>\r\n\t\r\n\t\r\n<\/div>\n<div id=\"frm_field_11_container\" class=\"frm_form_field form-field \">\r\n\t<div class=\"frm_submit\">\r\n\r\n<button class=\"frm_button_submit\" type=\"submit\" >Envoyer<\/button>\r\n\r\n<\/div>\r\n<\/div>\n\t<input type=\"hidden\" name=\"item_key\" value=\"\" \/>\n\t\t\t<div id=\"frm_field_16_container\">\n\t\t\t<label for=\"field_shn0l\" >\n\t\t\t\tSi vous \u00eates un humain, ne remplissez pas ce champ.\t\t\t<\/label>\n\t\t\t<input  id=\"field_shn0l\" type=\"text\" class=\"frm_form_field form-field frm_verify\" name=\"item_meta[16]\" value=\"\"  \/>\n\t\t<\/div>\n\t\t<input name=\"frm_state\" type=\"hidden\" value=\"Ygwal7ojuo6x34W7CjwHlVZ8+9ZdkgwuWOBkFPkvClc=\" \/><\/div>\n<\/fieldset>\n<\/div>\n\n<\/form>\n<\/div>\n","protected":false},"excerpt":{"rendered":"<p>Nous contacter Si vous avez besoin de nous contacter, utilisez le formulaire ci-dessous pour nous transmettre votre message.<\/p>\n","protected":false},"author":1,"featured_media":0,"parent":0,"menu_order":0,"comment_status":"closed","ping_status":"closed","template":"","meta":{"neve_meta_sidebar":"","neve_meta_container":"","neve_meta_enable_content_width":"on","neve_meta_content_width":80,"neve_meta_title_alignment":"left","neve_meta_author_avatar":"","neve_post_elements_order":"","neve_meta_disable_header":"","neve_meta_disable_footer":"","neve_meta_disable_title":"","footnotes":""},"class_list":["post-431","page","type-page","status-publish","hentry"],"_links":{"self":[{"href":"http:\/\/dev.3esca.fr\/sitewp\/wp-json\/wp\/v2\/pages\/431","targetHints":{"allow":["GET"]}}],"collection":[{"href":"http:\/\/dev.3esca.fr\/sitewp\/wp-json\/wp\/v2\/pages"}],"about":[{"href":"http:\/\/dev.3esca.fr\/sitewp\/wp-json\/wp\/v2\/types\/page"}],"author":[{"embeddable":true,"href":"http:\/\/dev.3esca.fr\/sitewp\/wp-json\/wp\/v2\/users\/1"}],"replies":[{"embeddable":true,"href":"http:\/\/dev.3esca.fr\/sitewp\/wp-json\/wp\/v2\/comments?post=431"}],"version-history":[{"count":9,"href":"http:\/\/dev.3esca.fr\/sitewp\/wp-json\/wp\/v2\/pages\/431\/revisions"}],"predecessor-version":[{"id":516,"href":"http:\/\/dev.3esca.fr\/sitewp\/wp-json\/wp\/v2\/pages\/431\/revisions\/516"}],"wp:attachment":[{"href":"http:\/\/dev.3esca.fr\/sitewp\/wp-json\/wp\/v2\/media?parent=431"}],"curies":[{"name":"wp","href":"https:\/\/api.w.org\/{rel}","templated":true}]}}