{"id":407,"date":"2025-09-15T11:50:46","date_gmt":"2025-09-15T09:50:46","guid":{"rendered":"http:\/\/dev.3esca.fr\/sitewp\/?page_id=407"},"modified":"2025-10-23T14:48:31","modified_gmt":"2025-10-23T12:48:31","slug":"accueil","status":"publish","type":"page","link":"http:\/\/dev.3esca.fr\/sitewp\/","title":{"rendered":"Accueil"},"content":{"rendered":"\n<h1>\n\t\t\t3ESCA, votre partenaire sp\u00e9cialis\u00e9 en d\u00e9tection de r\u00e9seaux\t<\/h1>\n\t\t\t\t<img decoding=\"async\" src=\"http:\/\/www.3esca.fr\/sitewp3\/wp-content\/uploads\/2025\/10\/Design-sans-titre.png\" alt=\"Design sans titre\" itemprop=\"image\" height=\"900\" width=\"900\" title=\"Design sans titre\" onerror=\"this.style.display='none'\" loading=\"lazy\" \/>\n\t<h3 data-id=\"240e43b\" data-element_type=\"widget\" data-widget_type=\"text-editor.default\"><strong>Vous r\u00e9sidez \u00e0 Paris<\/strong><\/h3>\n<p>Vous avez re\u00e7u un courrier au sujet de la v\u00e9rification de votre canalisation de gaz et vous avez des questions ?<\/p>\n<h4><a href=\"http:\/\/www.3esca.fr\/sitewp3\/bp\/\">C&rsquo;est par ici !<\/a><\/h4>\n\t\t\t\t<img decoding=\"async\" src=\"http:\/\/www.3esca.fr\/sitewp3\/wp-content\/uploads\/2025\/10\/1.png\" alt=\"1\" itemprop=\"image\" height=\"900\" width=\"900\" title=\"1\" onerror=\"this.style.display='none'\" loading=\"lazy\" \/>\n<h3 data-id=\"240e43b\" data-element_type=\"widget\" data-widget_type=\"text-editor.default\"><strong>Vous r\u00e9sidez en province<\/strong><\/h3>\n<p>Vous avez re\u00e7u un courrier concernant le changement du r\u00e9gulateur de pression et vous avez des questions ?<\/p>\n<h4><a href=\"http:\/\/www.3esca.fr\/sitewp3\/tdr\/\">On y r\u00e9pond ici !<\/a><\/h4>\n\t\t\t\t<img decoding=\"async\" src=\"http:\/\/www.3esca.fr\/sitewp3\/wp-content\/uploads\/2025\/10\/2.png\" alt=\"2\" itemprop=\"image\" height=\"900\" width=\"900\" title=\"2\" onerror=\"this.style.display='none'\" loading=\"lazy\" \/>\n<h3>D\u00e9tection de r\u00e9seaux<\/h3>\n<p>Vous avez besoin de d\u00e9tection de r\u00e9seaux avant vos travaux ? On vous accompagne pour un chantier en toute s\u00e9curit\u00e9.<\/p>\n<h4><a href=\"http:\/\/www.3esca.fr\/sitewp3\/detection\/\">En savoir plus !<\/a><\/h4>\n<h3>\n\t\t\tIls nous font confiance\t<\/h3>\n\t\t\t\t<img decoding=\"async\" src=\"http:\/\/www.3esca.fr\/sitewp3\/wp-content\/uploads\/2025\/10\/Logo_SNCF_2011.svg_.png\" alt=\"Logo_SNCF_(2011).svg\" itemprop=\"image\" height=\"629\" width=\"1200\" title=\"Logo_SNCF_(2011).svg\" onerror=\"this.style.display='none'\" loading=\"lazy\" \/>\n\t\t\t\t<img decoding=\"async\" src=\"http:\/\/www.3esca.fr\/sitewp3\/wp-content\/uploads\/2025\/10\/Logo_GRDF_couleur_sans_descripteur_2024PNG-scaled.png\" alt=\"Logo_GRDF_couleur_sans_descripteur_2024(PNG)\" itemprop=\"image\" height=\"1810\" width=\"2560\" title=\"Logo_GRDF_couleur_sans_descripteur_2024(PNG)\" onerror=\"this.style.display='none'\" loading=\"lazy\" \/>\n\t\t\t\t<img decoding=\"async\" src=\"http:\/\/www.3esca.fr\/sitewp3\/wp-content\/uploads\/2025\/10\/circet.png\" alt=\"circet\" itemprop=\"image\" height=\"1186\" width=\"2290\" title=\"circet\" onerror=\"this.style.display='none'\" loading=\"lazy\" \/>\n\t\t\t\t<img decoding=\"async\" src=\"http:\/\/www.3esca.fr\/sitewp3\/wp-content\/uploads\/2025\/10\/Enedis_quadri.png\" alt=\"Enedis_quadri\" itemprop=\"image\" title=\"Enedis_quadri\" onerror=\"this.style.display='none'\" loading=\"lazy\" \/>\n\t\t\t\t<img decoding=\"async\" src=\"http:\/\/www.3esca.fr\/sitewp3\/wp-content\/uploads\/2025\/10\/Colas_logo_vector-scaled.png\" alt=\"Colas_logo_vector\" itemprop=\"image\" height=\"1065\" width=\"2560\" title=\"Colas_logo_vector\" onerror=\"this.style.display='none'\" loading=\"lazy\" \/>\n\t\t\t\t<img decoding=\"async\" src=\"http:\/\/www.3esca.fr\/sitewp3\/wp-content\/uploads\/2025\/10\/bouygues.png\" alt=\"bouygues\" itemprop=\"image\" height=\"437\" width=\"828\" title=\"bouygues\" onerror=\"this.style.display='none'\" loading=\"lazy\" \/>\n\n","protected":false},"excerpt":{"rendered":"<p>3ESCA, votre partenaire sp\u00e9cialis\u00e9 en d\u00e9tection de r\u00e9seaux Vous r\u00e9sidez \u00e0 Paris Vous avez re\u00e7u un courrier au sujet de la v\u00e9rification de votre canalisation de gaz et vous avez des questions ? C&rsquo;est par ici ! Vous r\u00e9sidez en province Vous avez re\u00e7u un courrier concernant le changement du r\u00e9gulateur de pression et vous&hellip;&nbsp;<a href=\"http:\/\/dev.3esca.fr\/sitewp\/\" rel=\"bookmark\"><span class=\"screen-reader-text\">Accueil<\/span><\/a><\/p>\n","protected":false},"author":1,"featured_media":0,"parent":0,"menu_order":0,"comment_status":"closed","ping_status":"closed","template":"","meta":{"neve_meta_sidebar":"","neve_meta_container":"","neve_meta_enable_content_width":"","neve_meta_content_width":0,"neve_meta_title_alignment":"","neve_meta_author_avatar":"","neve_post_elements_order":"","neve_meta_disable_header":"","neve_meta_disable_footer":"","neve_meta_disable_title":"","footnotes":""},"class_list":["post-407","page","type-page","status-publish","hentry"],"_links":{"self":[{"href":"http:\/\/dev.3esca.fr\/sitewp\/wp-json\/wp\/v2\/pages\/407","targetHints":{"allow":["GET"]}}],"collection":[{"href":"http:\/\/dev.3esca.fr\/sitewp\/wp-json\/wp\/v2\/pages"}],"about":[{"href":"http:\/\/dev.3esca.fr\/sitewp\/wp-json\/wp\/v2\/types\/page"}],"author":[{"embeddable":true,"href":"http:\/\/dev.3esca.fr\/sitewp\/wp-json\/wp\/v2\/users\/1"}],"replies":[{"embeddable":true,"href":"http:\/\/dev.3esca.fr\/sitewp\/wp-json\/wp\/v2\/comments?post=407"}],"version-history":[{"count":12,"href":"http:\/\/dev.3esca.fr\/sitewp\/wp-json\/wp\/v2\/pages\/407\/revisions"}],"predecessor-version":[{"id":502,"href":"http:\/\/dev.3esca.fr\/sitewp\/wp-json\/wp\/v2\/pages\/407\/revisions\/502"}],"wp:attachment":[{"href":"http:\/\/dev.3esca.fr\/sitewp\/wp-json\/wp\/v2\/media?parent=407"}],"curies":[{"name":"wp","href":"https:\/\/api.w.org\/{rel}","templated":true}]}}